{"id":4296,"date":"2024-09-20T13:24:50","date_gmt":"2024-09-20T13:24:50","guid":{"rendered":"https:\/\/www.beam-berlin.de\/?page_id=4296"},"modified":"2026-02-03T22:27:21","modified_gmt":"2026-02-03T22:27:21","slug":"datenschutz","status":"publish","type":"page","link":"https:\/\/www.beam-berlin.de\/de\/datenschutz\/","title":{"rendered":"Datenschutz"},"content":{"rendered":"\n<h6 class=\"wp-block-heading\">1. <strong>Verantwortlichkeiten<\/strong><\/h6>\n\n\n\n<p>Namen und Kontaktdaten des Verantwortlichen finden Sie im Impressum.<\/p>\n\n\n\n<p>Unseren Datenschutzbeauftragten erreichen Sie postalisch unter der im Impressum genannten Adresse mit dem Vermerk \u201eDatenschutzbeauftragter BEAM, Berlin\u201c oder mit dem Betreff \u201eDatenschutzbeauftragter BEAM, Berlin\u201c per E-Mail unter datenschutz(at)quantum.ag.<\/p>\n\n\n\n<h6 class=\"wp-block-heading\">2. <strong>Verarbeitung personenbezogener Daten<\/strong><\/h6>\n\n\n\n<p>Betrieb der Webseite<\/p>\n\n\n\n<h6 class=\"wp-block-heading\">Personenbezogene Daten<\/h6>\n\n\n\n<p>Unsere Webseite wird bei der Firma Host Europe GmbH, Pilgrimstra\u00dfe 6, 50674 K\u00f6ln gehostet. Dort werden folgende Informationen, die Ihr Browser automatisch an den Server \u00fcbermittelt, verarbeitet:<\/p>\n\n\n\n<p>Name und URL der abgerufenen Datei, Datum und Uhrzeit des Abrufs, \u00fcbertragene Datenmenge, Meldung \u00fcber erfolgreichen Abruf, Browsertyp und -version, Betriebssystem, Bildschirmbreite und Aufl\u00f6sung, Vorher besuchte Website, Website, die von Ihrem System \u00fcber unsere Website aufgerufen werden, Internet-Service-Provider des Nutzers sowie Adresse und des anfragenden Providers.<\/p>\n\n\n\n<p>Sofern Sie in Ihrem Browser die Programmiersprache JavaScript aktiviert haben, k\u00f6nnen auch weitere Informationen aus Ihrem Browser mit jedem Seitenaufruf ausgelesen werden, wie z. B. JavaScript: ja \/ nein, Bildschirmaufl\u00f6sung, Farbtiefe, Gr\u00f6\u00dfe des Browserfensters.<\/p>\n\n\n\n<h6 class=\"wp-block-heading\">Zwecke und Rechtsgrundlage der Verarbeitung<\/h6>\n\n\n\n<p>Die Verarbeitung Ihrer personenbezogenen Daten erfolgt durch den Verantwortlichen zu den folgenden Zwecken gem\u00e4\u00df folgenden Rechtsgrundlagen:<\/p>\n\n\n\n<ul class=\"wp-block-list\">\n<li>Erm\u00f6glichung der Nutzung unserer Website<\/li>\n\n\n\n<li>Darstellung unseres Leistungsportfolios- Sicherstellung eines ordnungsgem\u00e4\u00dfen Betriebes<\/li>\n\n\n\n<li>Umsetzung der gesetzlichen Anforderungen gem. \u00a725 TTDSG bei der Speicherung von Cookies auf Ihrem Endger\u00e4t bzw. bei der Verarbeitung einwilligungspflichtiger Datenverarbeitungen<\/li>\n\n\n\n<li>Geltendmachung, Aus\u00fcbung oder Verteidigung von Rechtsanspr\u00fcchen<\/li>\n\n\n\n<li>rechtssicheren Dokumentation und Nachweisbarkeit von Einwilligung und zur Aussteuerung weiterer Datenverarbeitungen<\/li>\n<\/ul>\n\n\n\n<h6 class=\"wp-block-heading\">Empf\u00e4nger oder Kategorien von Empf\u00e4ngern<\/h6>\n\n\n\n<p>Ein Zugriff erfolgt zudem durch interne befugte Besch\u00e4ftigte oder externe Auftragsverarbeiter, die f\u00fcr den Betrieb, Wartungs- und Supportzwecke zust\u00e4ndig sind. Die Weitergabe der personenbezogenen Daten an Dritte erfolgt nur, sofern dies zur Geltendmachung, Aus\u00fcbung oder Verteidigung von Rechtsanspr\u00fcchen erforderlich ist und\/oder wir anderweitig gesetzlich dazu verpflichtet sind.<\/p>\n\n\n\n<h6 class=\"wp-block-heading\">\u00dcbermittlungen an ein Drittland<\/h6>\n\n\n\n<p>Eine \u00dcbermittlung an Drittl\u00e4nder ist nicht geplant und findet f\u00fcr diese Datenverarbeitung nicht statt.<\/p>\n\n\n\n<h6 class=\"wp-block-heading\">Speicherdauer und ggf. Kriterien f\u00fcr die Festlegung der Speicherdauer<\/h6>\n\n\n\n<p>Die personenbezogenen Daten werden automatisch 10 Wochen nach dem Ende der Verbindung gel\u00f6scht.<\/p>\n\n\n\n<h6 class=\"wp-block-heading\">3. Ihre Rechte als betroffene Person<\/h6>\n\n\n\n<p>Soweit Ihre personenbezogenen Daten anl\u00e4sslich des Besuchs unserer Webseite und bei der Nutzung unserer Dienstleistungen verarbeitet werden, stehen Ihnen als betroffene Person im Sinne der DSGVO folgende Rechte zu:<\/p>\n\n\n\n<h6 class=\"wp-block-heading\">Art. 15 DSGVO: Auskunftsrecht der betroffenen Person<\/h6>\n\n\n\n<p>Sie haben uns gegen\u00fcber das Recht, Auskunft dar\u00fcber zu erhalten, welche Daten wir zu Ihrer Person verarbeiten.<\/p>\n\n\n\n<h6 class=\"wp-block-heading\">Art. 16 DSGVO: Recht auf Berichtigung<\/h6>\n\n\n\n<p>Sollten die Sie betreffenden Daten nicht richtig oder unvollst\u00e4ndig sein, so k\u00f6nnen Sie die Berichtigung unrichtiger oder die Vervollst\u00e4ndigung unvollst\u00e4ndiger Angaben verlangen.<\/p>\n\n\n\n<h6 class=\"wp-block-heading\">Art. 17 DSGVO: Recht auf L\u00f6schung<\/h6>\n\n\n\n<p>Unter den Voraussetzungen des Art. 17 DSGVO k\u00f6nnen Sie die L\u00f6schung Ihrer personenbezogenen Daten verlangen. Ihr Anspruch auf L\u00f6schung h\u00e4ngt u. a. davon ab, ob die Sie betreffenden Daten von uns zur Erf\u00fcllung unserer gesetzlichen Aufgaben noch ben\u00f6tigt werden.<\/p>\n\n\n\n<h6 class=\"wp-block-heading\">Art. 18 DSGVO: Recht auf Einschr\u00e4nkung der Verarbeitung<\/h6>\n\n\n\n<p>Unter den Voraussetzungen des Art.18 DSGVO k\u00f6nnen Sie die Einschr\u00e4nkung der Verarbeitung der Sie betreffenden personenbezogenen Daten verlangen.<\/p>\n\n\n\n<h6 class=\"wp-block-heading\">Art. 21 DSGVO: Widerspruchsrecht<\/h6>\n\n\n\n<p>Aus Gr\u00fcnden, die sich aus Ihrer besonderen Situation ergeben, k\u00f6nnen Sie jederzeit gegen die Verarbeitung der Sie betreffenden Daten Widerspruch einlegen.<\/p>\n\n\n\n<h6 class=\"wp-block-heading\">Art. 7 Abs. 3 DSGVO: Recht auf Widerruf der Einwilligung<\/h6>\n\n\n\n<p>Sie haben das Recht, eine erteilte Einwilligung zur Verarbeitung Ihrer personenbezogenen Daten jederzeit zu widerrufen. Durch den Widerruf der Einwilligung wird die Rechtm\u00e4\u00dfigkeit, der aufgrund der Einwilligung bis zum Widerruf erfolgten Verarbeitung nicht ber\u00fchrt.<\/p>\n\n\n\n<h6 class=\"wp-block-heading\">Art. 77 DSGVO: Recht auf Beschwerde bei einer Aufsichtsbeh\u00f6rde<\/h6>\n\n\n\n<p>Wenn Sie der Ansicht sind, dass die Verarbeitung der Sie betreffenden personenbezogenen Daten rechtswidrig ist, k\u00f6nnen Sie Beschwerde bei einer Aufsichtsbeh\u00f6rde f\u00fcr den Datenschutz einlegen, die f\u00fcr den Ort Ihres Aufenthaltes oder Arbeitsplatzes oder f\u00fcr den Ort des mutma\u00dflichen Versto\u00dfes zust\u00e4ndig ist.<\/p>\n\n\n\n<h6 class=\"wp-block-heading\">G\u00fcltigkeit und Aktualisierung der Datenschutzerkl\u00e4rung<\/h6>\n\n\n\n<p>Durch die Weiterentwicklung unserer Webseite oder die Implementierung neuer Technologien kann es notwendig werden, diese Datenschutzerkl\u00e4rung mit Wirkung f\u00fcr die Zukunft zu \u00e4ndern. Wir empfehlen Ihnen, sich die jeweils aktuelle Datenschutzerkl\u00e4rung anzuschauen.<\/p>\n\n\n\n<p>M\u00fcnchen, September 2024<\/p>\n","protected":false},"excerpt":{"rendered":"<p>1. Verantwortlichkeiten Namen und Kontaktdaten des Verantwortlichen finden Sie im Impressum. Unseren Datenschutzbeauftragten erreichen Sie postalisch unter der im Impressum genannten Adresse mit dem Vermerk \u201eDatenschutzbeauftragter BEAM, Berlin\u201c oder mit dem Betreff \u201eDatenschutzbeauftragter BEAM, Berlin\u201c per E-Mail unter datenschutz(at)quantum.ag. 2. Verarbeitung personenbezogener Daten Betrieb der Webseite Personenbezogene Daten Unsere Webseite wird bei der Firma Host [&hellip;]<\/p>\n","protected":false},"author":12,"featured_media":0,"parent":0,"menu_order":9,"comment_status":"closed","ping_status":"closed","template":"","meta":{"_locale":"de_DE","_original_post":"https:\/\/www.beam-berlin.de\/?page_id=1096","_htmlclass":"","_bodyclass":"legal","_articleclass":"","footnotes":""},"class_list":["post-4296","page","type-page","status-publish","hentry","de-DE","teaser-view"],"aioseo_notices":[],"_links":{"self":[{"href":"https:\/\/www.beam-berlin.de\/wp-json\/wp\/v2\/pages\/4296","targetHints":{"allow":["GET"]}}],"collection":[{"href":"https:\/\/www.beam-berlin.de\/wp-json\/wp\/v2\/pages"}],"about":[{"href":"https:\/\/www.beam-berlin.de\/wp-json\/wp\/v2\/types\/page"}],"author":[{"embeddable":true,"href":"https:\/\/www.beam-berlin.de\/wp-json\/wp\/v2\/users\/12"}],"replies":[{"embeddable":true,"href":"https:\/\/www.beam-berlin.de\/wp-json\/wp\/v2\/comments?post=4296"}],"version-history":[{"count":6,"href":"https:\/\/www.beam-berlin.de\/wp-json\/wp\/v2\/pages\/4296\/revisions"}],"predecessor-version":[{"id":4473,"href":"https:\/\/www.beam-berlin.de\/wp-json\/wp\/v2\/pages\/4296\/revisions\/4473"}],"wp:attachment":[{"href":"https:\/\/www.beam-berlin.de\/wp-json\/wp\/v2\/media?parent=4296"}],"curies":[{"name":"wp","href":"https:\/\/api.w.org\/{rel}","templated":true}]}}