{"id":4280,"date":"2024-09-18T18:38:28","date_gmt":"2024-09-18T18:38:28","guid":{"rendered":"https:\/\/www.beam-berlin.de\/?page_id=4280"},"modified":"2026-02-03T22:25:37","modified_gmt":"2026-02-03T22:25:37","slug":"impressum","status":"publish","type":"page","link":"https:\/\/www.beam-berlin.de\/de\/impressum\/","title":{"rendered":"Impressum"},"content":{"rendered":"\n<h5 class=\"wp-block-heading\">Berlin, Schicklerhaus Immobilien GmbH &amp; Co. KG<br>Von-der-Tann-Stra\u00dfe 2 a<br>80539 M\u00fcnchen<br>Tel.: +49(0)40 \u2013 41 43 30 \u2013 0<br>E-Mail: beam-berlin(at)quantum.ag<\/h5>\n\n\n\n<h6 class=\"wp-block-heading\">Gesch\u00e4ftsf\u00fchrer<\/h6>\n\n\n\n<p>Martin Berghoff<br>Arndt Buchwald<br>Matthias Kath-Burdack<\/p>\n\n\n\n<h6 class=\"wp-block-heading\">Registergericht<\/h6>\n\n\n\n<p>Amtsgerichts 80333 M\u00fcnchen:HRA 109676<\/p>\n\n\n\n<h6 class=\"wp-block-heading\">Umsatzsteuer-Identifikationsnummer\u2028gem\u00e4\u00df \u00a7 27a Umsatzsteuergesetz<\/h6>\n\n\n\n<p>DE321027287<\/p>\n\n\n\n<h6 class=\"wp-block-heading\">Verantwortlichkeit f\u00fcr Inhalte<\/h6>\n\n\n\n<p>Als Betreiber dieses Internetauftrittes halten wir in der Regel nur eigene, von uns sorgf\u00e4ltig erstellte Inhalte vor. Sofern wir im Einzelfall fremde Inhalte vorhalten oder auf diese verweisen, gehen wir zum Zeitpunkt der Einstellung oder des Verweises von deren inhaltlicher Richtigkeit aus. Sollte es dennoch Anhaltspunkte daf\u00fcr geben, dass Inhalte unseres Internetangebotes beziehungsweise fremde Inhalte, auf die wir Bezug nehmen, eventuell Grund zur Beanstandung geben sollten, wenden Sie sich bitte umgehend an die im Impressum angegebenen Kontaktm\u00f6glichkeiten, damit wir dies unverz\u00fcglich korrigieren k\u00f6nnen.<\/p>\n\n\n\n<h6 class=\"wp-block-heading\">Urheberrecht<\/h6>\n\n\n\n<p>Die Inhalte unseres Internetangebotes, insbesondere (aber nicht abschlie\u00dfend) Kennzeichen, Bilder, Texte, Pl\u00e4ne, Entw\u00fcrfe und Gestaltungen, unterliegen dem Urheber- bzw. Leistungsschutzrecht sowie ggf. gewerblichen Schutzrechten. Dies gilt auch dann, wenn der jeweilige Ersteller der Inhalte nicht namentlich genannt ist und\/oder auf gewerbliche Schutzrechte nicht gesondert hingewiesen wird. Jede Verwendung und\/oder Verwertung und\/oder jede Nutzung dieser Inhalte au\u00dferhalb unseres Internetangebotes ist untersagt bzw. bedarf der Zustimmung des jeweiligen Urhebers und\/oder Leistungsschutzberechtigten und\/oder Inhabers des Schutzrechtes.<\/p>\n\n\n\n<h6 class=\"wp-block-heading\">Design &amp; Realisation<\/h6>\n\n\n\n<p><a href=\"https:\/\/www.smithberlin.com\/\" data-type=\"link\" data-id=\"https:\/\/www.smithberlin.com\/\" target=\"_blank\" rel=\"noreferrer noopener\">Smith Berlin<\/a><\/p>\n\n\n\n<h6 class=\"wp-block-heading\">Fotos<\/h6>\n\n\n\n<p>Carsten Br\u00fcgmann, Jan Roehl, Maike Piorr<\/p>\n","protected":false},"excerpt":{"rendered":"<p>Berlin, Schicklerhaus Immobilien GmbH &amp; Co. KGVon-der-Tann-Stra\u00dfe 2 a80539 M\u00fcnchenTel.: +49(0)40 \u2013 41 43 30 \u2013 0E-Mail: beam-berlin(at)quantum.ag Gesch\u00e4ftsf\u00fchrer Martin BerghoffArndt BuchwaldMatthias Kath-Burdack Registergericht Amtsgerichts 80333 M\u00fcnchen:HRA 109676 Umsatzsteuer-Identifikationsnummer\u2028gem\u00e4\u00df \u00a7 27a Umsatzsteuergesetz DE321027287 Verantwortlichkeit f\u00fcr Inhalte Als Betreiber dieses Internetauftrittes halten wir in der Regel nur eigene, von uns sorgf\u00e4ltig erstellte Inhalte vor. Sofern wir [&hellip;]<\/p>\n","protected":false},"author":12,"featured_media":0,"parent":0,"menu_order":0,"comment_status":"closed","ping_status":"closed","template":"","meta":{"_locale":"de_DE","_original_post":"https:\/\/www.beam-berlin.de\/?page_id=4280","_htmlclass":"","_bodyclass":"legal","_articleclass":"","footnotes":""},"class_list":["post-4280","page","type-page","status-publish","hentry","de-DE","teaser-view"],"aioseo_notices":[],"_links":{"self":[{"href":"https:\/\/www.beam-berlin.de\/wp-json\/wp\/v2\/pages\/4280","targetHints":{"allow":["GET"]}}],"collection":[{"href":"https:\/\/www.beam-berlin.de\/wp-json\/wp\/v2\/pages"}],"about":[{"href":"https:\/\/www.beam-berlin.de\/wp-json\/wp\/v2\/types\/page"}],"author":[{"embeddable":true,"href":"https:\/\/www.beam-berlin.de\/wp-json\/wp\/v2\/users\/12"}],"replies":[{"embeddable":true,"href":"https:\/\/www.beam-berlin.de\/wp-json\/wp\/v2\/comments?post=4280"}],"version-history":[{"count":6,"href":"https:\/\/www.beam-berlin.de\/wp-json\/wp\/v2\/pages\/4280\/revisions"}],"predecessor-version":[{"id":4463,"href":"https:\/\/www.beam-berlin.de\/wp-json\/wp\/v2\/pages\/4280\/revisions\/4463"}],"wp:attachment":[{"href":"https:\/\/www.beam-berlin.de\/wp-json\/wp\/v2\/media?parent=4280"}],"curies":[{"name":"wp","href":"https:\/\/api.w.org\/{rel}","templated":true}]}}